{"id":5304,"date":"2022-07-05T23:16:24","date_gmt":"2022-07-05T23:16:24","guid":{"rendered":"https:\/\/imr-anlagenbau.com\/power-plant-construction\/"},"modified":"2022-09-20T12:53:30","modified_gmt":"2022-09-20T12:53:30","slug":"kraftwerks-neubau","status":"publish","type":"page","link":"https:\/\/imr-anlagenbau.com\/de\/kraftwerks-neubau\/","title":{"rendered":"Kraftwerks Neubau"},"content":{"rendered":"\t\t<div data-elementor-type=\"wp-page\" data-elementor-id=\"5304\" class=\"elementor elementor-5304 elementor-103\" data-elementor-post-type=\"page\">\n\t\t\t\t\t\t<section class=\"elementor-section elementor-top-section elementor-element elementor-element-3cc41239 elementor-section-height-min-height elementor-section-boxed elementor-section-height-default elementor-section-items-middle\" data-id=\"3cc41239\" data-element_type=\"section\" data-settings=\"{&quot;background_background&quot;:&quot;classic&quot;}\">\n\t\t\t\t\t\t\t<div class=\"elementor-background-overlay\"><\/div>\n\t\t\t\t\t\t\t<div class=\"elementor-container elementor-column-gap-no\">\n\t\t\t\t\t<div class=\"elementor-column elementor-col-100 elementor-top-column elementor-element elementor-element-52584523\" data-id=\"52584523\" data-element_type=\"column\">\n\t\t\t<div class=\"elementor-widget-wrap elementor-element-populated\">\n\t\t\t\t\t\t<div class=\"elementor-element elementor-element-13c8e82 elementor-widget elementor-widget-heading\" data-id=\"13c8e82\" data-element_type=\"widget\" data-widget_type=\"heading.default\">\n\t\t\t\t<div class=\"elementor-widget-container\">\n\t\t\t\t\t<h2 class=\"elementor-heading-title elementor-size-default\">Kraftwerks Neubau<\/h2>\t\t\t\t<\/div>\n\t\t\t\t<\/div>\n\t\t\t\t<div class=\"elementor-element elementor-element-2203a55 elementor-widget__width-auto elementor-widget elementor-widget-elementskit-breadcrumb\" data-id=\"2203a55\" data-element_type=\"widget\" data-widget_type=\"elementskit-breadcrumb.default\">\n\t\t\t\t<div class=\"elementor-widget-container\">\n\t\t\t\t\t<div class=\"ekit-wid-con\" ><ol class=\"ekit-breadcrumb\"><li class=\"ekit_breadcrumbs_start\"><a href=\"https:\/\/imr-anlagenbau.com\/de\/\">Home<\/a><\/li><\/ol><\/div>\t\t\t\t<\/div>\n\t\t\t\t<\/div>\n\t\t\t\t\t<\/div>\n\t\t<\/div>\n\t\t\t\t\t<\/div>\n\t\t<\/section>\n\t\t\t\t<section class=\"elementor-section elementor-top-section elementor-element elementor-element-37124d28 elementor-section-boxed elementor-section-height-default elementor-section-height-default\" data-id=\"37124d28\" data-element_type=\"section\">\n\t\t\t\t\t\t<div class=\"elementor-container elementor-column-gap-default\">\n\t\t\t\t\t<div class=\"elementor-column elementor-col-100 elementor-top-column elementor-element elementor-element-2a7f8431\" data-id=\"2a7f8431\" data-element_type=\"column\">\n\t\t\t<div class=\"elementor-widget-wrap elementor-element-populated\">\n\t\t\t\t\t\t<div class=\"elementor-element elementor-element-7668a46a elementor-widget elementor-widget-heading\" data-id=\"7668a46a\" data-element_type=\"widget\" data-widget_type=\"heading.default\">\n\t\t\t\t<div class=\"elementor-widget-container\">\n\t\t\t\t\t<h2 class=\"elementor-heading-title elementor-size-default\">Schl\u00fcsselfertige Systeme im Kraftwerksneubau<\/h2>\t\t\t\t<\/div>\n\t\t\t\t<\/div>\n\t\t\t\t<div class=\"elementor-element elementor-element-dda41d8 elementor-widget elementor-widget-text-editor\" data-id=\"dda41d8\" data-element_type=\"widget\" data-widget_type=\"text-editor.default\">\n\t\t\t\t<div class=\"elementor-widget-container\">\n\t\t\t\t\t\t\t\t\t<p>Im Rohrleitungsbau zwischen Kessel und Turbine sind unsere Leistungen so umfassend, da\u00df wir von \u201eschl\u00fcsselfertig\u201c sprechen k\u00f6nnen.<br \/>F\u00fcr diese sicherheitstechnisch relevante Komponente \u00fcbernehmen wir<\/p><ul><li>die Beratung und Planung<\/li><li>die Berechnung und Konstruktion<\/li><li>die Terminplanung und Montage<\/li><li>die Inbetriebnahme und Dokumentation<\/li><li>die Qualit\u00e4tssicherung<\/li><li>das Projektmanagement<\/li><\/ul><p>Insbesondere im Hochdruckbereich haben wir uns als Spezialist einen Namen gemacht bei Verarbeitung aller Werkstoffe vom hochlegierten E911 bis zu Kunststoffen. Unsere Planungs-, Lieferungs-, und Montageleistung umfa\u00dft komplette Rohrleitungsysteme inklusive aller Komponenten wie Vorw\u00e4rmer, Pumpen, W\u00e4rmetauscher, Armaturen, etc. f\u00fcr<\/p><ul><li>Energieversorgungsunternehmen<\/li><li>kommunale und industrielle Kraftwerksbetreiber<\/li><\/ul>\t\t\t\t\t\t\t\t<\/div>\n\t\t\t\t<\/div>\n\t\t\t\t\t<\/div>\n\t\t<\/div>\n\t\t\t\t\t<\/div>\n\t\t<\/section>\n\t\t\t\t<\/div>\n\t\t","protected":false},"excerpt":{"rendered":"<p>Home Schl\u00fcsselfertige Systeme im Kraftwerksneubau Im Rohrleitungsbau zwischen Kessel und Turbine sind unsere Leistungen so umfassend, da\u00df wir von \u201eschl\u00fcsselfertig\u201c sprechen k\u00f6nnen.F\u00fcr diese sicherheitstechnisch relevante Komponente \u00fcbernehmen wir die Beratung und Planung die Berechnung und Konstruktion die Terminplanung und Montage die Inbetriebnahme und Dokumentation die Qualit\u00e4tssicherung das Projektmanagement Insbesondere im Hochdruckbereich haben wir uns als [&hellip;]<\/p>\n","protected":false},"author":1,"featured_media":0,"parent":0,"menu_order":0,"comment_status":"closed","ping_status":"closed","template":"","meta":{"footnotes":""},"class_list":["post-5304","page","type-page","status-publish","hentry"],"_links":{"self":[{"href":"https:\/\/imr-anlagenbau.com\/de\/wp-json\/wp\/v2\/pages\/5304","targetHints":{"allow":["GET"]}}],"collection":[{"href":"https:\/\/imr-anlagenbau.com\/de\/wp-json\/wp\/v2\/pages"}],"about":[{"href":"https:\/\/imr-anlagenbau.com\/de\/wp-json\/wp\/v2\/types\/page"}],"author":[{"embeddable":true,"href":"https:\/\/imr-anlagenbau.com\/de\/wp-json\/wp\/v2\/users\/1"}],"replies":[{"embeddable":true,"href":"https:\/\/imr-anlagenbau.com\/de\/wp-json\/wp\/v2\/comments?post=5304"}],"version-history":[{"count":0,"href":"https:\/\/imr-anlagenbau.com\/de\/wp-json\/wp\/v2\/pages\/5304\/revisions"}],"wp:attachment":[{"href":"https:\/\/imr-anlagenbau.com\/de\/wp-json\/wp\/v2\/media?parent=5304"}],"curies":[{"name":"wp","href":"https:\/\/api.w.org\/{rel}","templated":true}]}}