{"id":5308,"date":"2022-08-05T18:26:29","date_gmt":"2022-08-05T18:26:29","guid":{"rendered":"https:\/\/imr-anlagenbau.com\/industrial-plant-construction\/"},"modified":"2022-09-20T13:01:31","modified_gmt":"2022-09-20T13:01:31","slug":"industrieanlagenbau","status":"publish","type":"page","link":"https:\/\/imr-anlagenbau.com\/de\/industrieanlagenbau\/","title":{"rendered":"Industrieanlagenbau"},"content":{"rendered":"\t\t<div data-elementor-type=\"wp-page\" data-elementor-id=\"5308\" class=\"elementor elementor-5308 elementor-4575\" data-elementor-post-type=\"page\">\n\t\t\t\t\t\t<section class=\"elementor-section elementor-top-section elementor-element elementor-element-c0dbcda elementor-section-height-min-height elementor-section-boxed elementor-section-height-default elementor-section-items-middle\" data-id=\"c0dbcda\" data-element_type=\"section\" data-settings=\"{&quot;background_background&quot;:&quot;classic&quot;}\">\n\t\t\t\t\t\t\t<div class=\"elementor-background-overlay\"><\/div>\n\t\t\t\t\t\t\t<div class=\"elementor-container elementor-column-gap-no\">\n\t\t\t\t\t<div class=\"elementor-column elementor-col-100 elementor-top-column elementor-element elementor-element-7571c6c5\" data-id=\"7571c6c5\" data-element_type=\"column\">\n\t\t\t<div class=\"elementor-widget-wrap elementor-element-populated\">\n\t\t\t\t\t\t<div class=\"elementor-element elementor-element-5b759f7 elementor-widget elementor-widget-heading\" data-id=\"5b759f7\" data-element_type=\"widget\" data-widget_type=\"heading.default\">\n\t\t\t\t<div class=\"elementor-widget-container\">\n\t\t\t\t\t<h2 class=\"elementor-heading-title elementor-size-default\">Industrieanlagenbau<\/h2>\t\t\t\t<\/div>\n\t\t\t\t<\/div>\n\t\t\t\t<div class=\"elementor-element elementor-element-268fa25 elementor-widget__width-auto elementor-widget elementor-widget-elementskit-breadcrumb\" data-id=\"268fa25\" data-element_type=\"widget\" data-widget_type=\"elementskit-breadcrumb.default\">\n\t\t\t\t<div class=\"elementor-widget-container\">\n\t\t\t\t\t<div class=\"ekit-wid-con\" ><ol class=\"ekit-breadcrumb\"><li class=\"ekit_breadcrumbs_start\"><a href=\"https:\/\/imr-anlagenbau.com\/de\/\">Home<\/a><\/li><\/ol><\/div>\t\t\t\t<\/div>\n\t\t\t\t<\/div>\n\t\t\t\t\t<\/div>\n\t\t<\/div>\n\t\t\t\t\t<\/div>\n\t\t<\/section>\n\t\t\t\t<section class=\"elementor-section elementor-top-section elementor-element elementor-element-3bb6b97f elementor-section-boxed elementor-section-height-default elementor-section-height-default\" data-id=\"3bb6b97f\" data-element_type=\"section\">\n\t\t\t\t\t\t<div class=\"elementor-container elementor-column-gap-default\">\n\t\t\t\t\t<div class=\"elementor-column elementor-col-100 elementor-top-column elementor-element elementor-element-1644c899\" data-id=\"1644c899\" data-element_type=\"column\">\n\t\t\t<div class=\"elementor-widget-wrap elementor-element-populated\">\n\t\t\t\t\t\t<div class=\"elementor-element elementor-element-7fa2a904 elementor-widget elementor-widget-text-editor\" data-id=\"7fa2a904\" data-element_type=\"widget\" data-widget_type=\"text-editor.default\">\n\t\t\t\t<div class=\"elementor-widget-container\">\n\t\t\t\t\t\t\t\t\t<h4>F\u00fcr alle Medien und mit allen Materialien: Industrie-Anlagenbau<\/h4><p>Unsere besondere St\u00e4rke liegt in der Verarbeitung aller Materialien, von hochlegierten St\u00e4hlen, \u00fcber NE-Metalle bis zu Kunststoffen wie PE, PP-hart oder GFK. Als Generalunternehmer haben wir f\u00fcr viele Industriebereiche Komplett- oder Teilanlagen geplant geliefert und montiert. F\u00fcr folgende Branchen sind wir t\u00e4tig:<\/p><ul><li>Chemische und petrochemische Industrie<\/li><li>Papierindustrie<\/li><li>Nahrungsmittelindustrie und Brauereien<\/li><li>stahlerzeugende und -verarbeitende Industrie<\/li><li>Automobilbau<\/li><\/ul><p>Unsere Leistungen umfassen:<\/p><ul><li>Planung, Konstruktion und Berechnungen<\/li><li>Vorfertigung, Lieferung und Montage<\/li><li>Inbetriebnahme und Dokumentation<\/li><li>Qualit\u00e4tssicherung und Projektmanagement<\/li><\/ul>\t\t\t\t\t\t\t\t<\/div>\n\t\t\t\t<\/div>\n\t\t\t\t\t<\/div>\n\t\t<\/div>\n\t\t\t\t\t<\/div>\n\t\t<\/section>\n\t\t\t\t<\/div>\n\t\t","protected":false},"excerpt":{"rendered":"<p>Home F\u00fcr alle Medien und mit allen Materialien: Industrie-Anlagenbau Unsere besondere St\u00e4rke liegt in der Verarbeitung aller Materialien, von hochlegierten St\u00e4hlen, \u00fcber NE-Metalle bis zu Kunststoffen wie PE, PP-hart oder GFK. Als Generalunternehmer haben wir f\u00fcr viele Industriebereiche Komplett- oder Teilanlagen geplant geliefert und montiert. F\u00fcr folgende Branchen sind wir t\u00e4tig: Chemische und petrochemische Industrie [&hellip;]<\/p>\n","protected":false},"author":1,"featured_media":0,"parent":0,"menu_order":0,"comment_status":"closed","ping_status":"closed","template":"","meta":{"footnotes":""},"class_list":["post-5308","page","type-page","status-publish","hentry"],"_links":{"self":[{"href":"https:\/\/imr-anlagenbau.com\/de\/wp-json\/wp\/v2\/pages\/5308","targetHints":{"allow":["GET"]}}],"collection":[{"href":"https:\/\/imr-anlagenbau.com\/de\/wp-json\/wp\/v2\/pages"}],"about":[{"href":"https:\/\/imr-anlagenbau.com\/de\/wp-json\/wp\/v2\/types\/page"}],"author":[{"embeddable":true,"href":"https:\/\/imr-anlagenbau.com\/de\/wp-json\/wp\/v2\/users\/1"}],"replies":[{"embeddable":true,"href":"https:\/\/imr-anlagenbau.com\/de\/wp-json\/wp\/v2\/comments?post=5308"}],"version-history":[{"count":0,"href":"https:\/\/imr-anlagenbau.com\/de\/wp-json\/wp\/v2\/pages\/5308\/revisions"}],"wp:attachment":[{"href":"https:\/\/imr-anlagenbau.com\/de\/wp-json\/wp\/v2\/media?parent=5308"}],"curies":[{"name":"wp","href":"https:\/\/api.w.org\/{rel}","templated":true}]}}