{"id":5310,"date":"2022-08-05T18:26:41","date_gmt":"2022-08-05T18:26:41","guid":{"rendered":"https:\/\/imr-anlagenbau.com\/industry-service\/"},"modified":"2022-09-20T13:03:24","modified_gmt":"2022-09-20T13:03:24","slug":"industrie-service","status":"publish","type":"page","link":"https:\/\/imr-anlagenbau.com\/de\/industrie-service\/","title":{"rendered":"Industrie Service"},"content":{"rendered":"\t\t<div data-elementor-type=\"wp-page\" data-elementor-id=\"5310\" class=\"elementor elementor-5310 elementor-4577\" data-elementor-post-type=\"page\">\n\t\t\t\t\t\t<section class=\"elementor-section elementor-top-section elementor-element elementor-element-1d41a8a elementor-section-height-min-height elementor-section-boxed elementor-section-height-default elementor-section-items-middle\" data-id=\"1d41a8a\" data-element_type=\"section\" data-settings=\"{&quot;background_background&quot;:&quot;classic&quot;}\">\n\t\t\t\t\t\t\t<div class=\"elementor-background-overlay\"><\/div>\n\t\t\t\t\t\t\t<div class=\"elementor-container elementor-column-gap-no\">\n\t\t\t\t\t<div class=\"elementor-column elementor-col-100 elementor-top-column elementor-element elementor-element-18bb8bd8\" data-id=\"18bb8bd8\" data-element_type=\"column\">\n\t\t\t<div class=\"elementor-widget-wrap elementor-element-populated\">\n\t\t\t\t\t\t<div class=\"elementor-element elementor-element-894fe62 elementor-widget elementor-widget-heading\" data-id=\"894fe62\" data-element_type=\"widget\" data-widget_type=\"heading.default\">\n\t\t\t\t<div class=\"elementor-widget-container\">\n\t\t\t\t\t<h2 class=\"elementor-heading-title elementor-size-default\">Industrie Service<\/h2>\t\t\t\t<\/div>\n\t\t\t\t<\/div>\n\t\t\t\t<div class=\"elementor-element elementor-element-0d410d4 elementor-widget__width-auto elementor-widget elementor-widget-elementskit-breadcrumb\" data-id=\"0d410d4\" data-element_type=\"widget\" data-widget_type=\"elementskit-breadcrumb.default\">\n\t\t\t\t<div class=\"elementor-widget-container\">\n\t\t\t\t\t<div class=\"ekit-wid-con\" ><ol class=\"ekit-breadcrumb\"><li class=\"ekit_breadcrumbs_start\"><a href=\"https:\/\/imr-anlagenbau.com\/de\/\">Home<\/a><\/li><\/ol><\/div>\t\t\t\t<\/div>\n\t\t\t\t<\/div>\n\t\t\t\t\t<\/div>\n\t\t<\/div>\n\t\t\t\t\t<\/div>\n\t\t<\/section>\n\t\t\t\t<section class=\"elementor-section elementor-top-section elementor-element elementor-element-537943ca elementor-section-boxed elementor-section-height-default elementor-section-height-default\" data-id=\"537943ca\" data-element_type=\"section\">\n\t\t\t\t\t\t<div class=\"elementor-container elementor-column-gap-default\">\n\t\t\t\t\t<div class=\"elementor-column elementor-col-100 elementor-top-column elementor-element elementor-element-fe8d04\" data-id=\"fe8d04\" data-element_type=\"column\">\n\t\t\t<div class=\"elementor-widget-wrap elementor-element-populated\">\n\t\t\t\t\t\t<div class=\"elementor-element elementor-element-4fe70f7c elementor-widget elementor-widget-heading\" data-id=\"4fe70f7c\" data-element_type=\"widget\" data-widget_type=\"heading.default\">\n\t\t\t\t<div class=\"elementor-widget-container\">\n\t\t\t\t\t<h2 class=\"elementor-heading-title elementor-size-default\">Industrie Service<\/h2>\t\t\t\t<\/div>\n\t\t\t\t<\/div>\n\t\t\t\t<div class=\"elementor-element elementor-element-517de089 elementor-widget elementor-widget-text-editor\" data-id=\"517de089\" data-element_type=\"widget\" data-widget_type=\"text-editor.default\">\n\t\t\t\t<div class=\"elementor-widget-container\">\n\t\t\t\t\t\t\t\t\t<h4>Alles aus einer Hand: Industrieanlagen-Service<\/h4><p>Der Kundenanforderung wird durch ein eigenes Konstruktionsb\u00fcro und eigenen Fertigungsst\u00e4tten im Firmenverbund sowie der eigenen qualifizierten Montagemannschaft, die ein h\u00f6chstes Ma\u00df an qualit\u00e4tssichernden Ma\u00dfnahmen beinhalten, entsprochen.<\/p><p>Unsere Leistungen umfassen:<\/p><ul><li>Planung, Konstruktion und Berechnungen<\/li><li>Vorfertigung, Lieferung und Montage<\/li><li>Inbetriebnahme und Dokumentation<\/li><li>Qualit\u00e4tssicherung und Projektmanagement<\/li><\/ul>\t\t\t\t\t\t\t\t<\/div>\n\t\t\t\t<\/div>\n\t\t\t\t\t<\/div>\n\t\t<\/div>\n\t\t\t\t\t<\/div>\n\t\t<\/section>\n\t\t\t\t<\/div>\n\t\t","protected":false},"excerpt":{"rendered":"<p>Home Alles aus einer Hand: Industrieanlagen-Service Der Kundenanforderung wird durch ein eigenes Konstruktionsb\u00fcro und eigenen Fertigungsst\u00e4tten im Firmenverbund sowie der eigenen qualifizierten Montagemannschaft, die ein h\u00f6chstes Ma\u00df an qualit\u00e4tssichernden Ma\u00dfnahmen beinhalten, entsprochen. Unsere Leistungen umfassen: Planung, Konstruktion und Berechnungen Vorfertigung, Lieferung und Montage Inbetriebnahme und Dokumentation Qualit\u00e4tssicherung und Projektmanagement<\/p>\n","protected":false},"author":1,"featured_media":0,"parent":0,"menu_order":0,"comment_status":"closed","ping_status":"closed","template":"","meta":{"footnotes":""},"class_list":["post-5310","page","type-page","status-publish","hentry"],"_links":{"self":[{"href":"https:\/\/imr-anlagenbau.com\/de\/wp-json\/wp\/v2\/pages\/5310","targetHints":{"allow":["GET"]}}],"collection":[{"href":"https:\/\/imr-anlagenbau.com\/de\/wp-json\/wp\/v2\/pages"}],"about":[{"href":"https:\/\/imr-anlagenbau.com\/de\/wp-json\/wp\/v2\/types\/page"}],"author":[{"embeddable":true,"href":"https:\/\/imr-anlagenbau.com\/de\/wp-json\/wp\/v2\/users\/1"}],"replies":[{"embeddable":true,"href":"https:\/\/imr-anlagenbau.com\/de\/wp-json\/wp\/v2\/comments?post=5310"}],"version-history":[{"count":0,"href":"https:\/\/imr-anlagenbau.com\/de\/wp-json\/wp\/v2\/pages\/5310\/revisions"}],"wp:attachment":[{"href":"https:\/\/imr-anlagenbau.com\/de\/wp-json\/wp\/v2\/media?parent=5310"}],"curies":[{"name":"wp","href":"https:\/\/api.w.org\/{rel}","templated":true}]}}