{"id":5606,"date":"2025-06-12T08:52:10","date_gmt":"2025-06-12T08:52:10","guid":{"rendered":"https:\/\/imr-anlagenbau.com\/?page_id=5606"},"modified":"2025-06-13T11:57:38","modified_gmt":"2025-06-13T11:57:38","slug":"impressum-2","status":"publish","type":"page","link":"https:\/\/imr-anlagenbau.com\/de\/impressum-2\/","title":{"rendered":"Impressum"},"content":{"rendered":"\t\t<div data-elementor-type=\"wp-page\" data-elementor-id=\"5606\" class=\"elementor elementor-5606\" data-elementor-post-type=\"page\">\n\t\t\t\t\t\t<section class=\"elementor-section elementor-top-section elementor-element elementor-element-625c2b84 elementor-section-height-min-height elementor-section-boxed elementor-section-height-default elementor-section-items-middle\" data-id=\"625c2b84\" data-element_type=\"section\" data-settings=\"{&quot;background_background&quot;:&quot;classic&quot;}\">\n\t\t\t\t\t\t\t<div class=\"elementor-background-overlay\"><\/div>\n\t\t\t\t\t\t\t<div class=\"elementor-container elementor-column-gap-no\">\n\t\t\t\t\t<div class=\"elementor-column elementor-col-100 elementor-top-column elementor-element elementor-element-6eac2cf3\" data-id=\"6eac2cf3\" data-element_type=\"column\">\n\t\t\t<div class=\"elementor-widget-wrap elementor-element-populated\">\n\t\t\t\t\t\t<div class=\"elementor-element elementor-element-71f10ea9 elementor-widget elementor-widget-heading\" data-id=\"71f10ea9\" data-element_type=\"widget\" data-widget_type=\"heading.default\">\n\t\t\t\t<div class=\"elementor-widget-container\">\n\t\t\t\t\t<h2 class=\"elementor-heading-title elementor-size-default\">Impressum<\/h2>\t\t\t\t<\/div>\n\t\t\t\t<\/div>\n\t\t\t\t\t<\/div>\n\t\t<\/div>\n\t\t\t\t\t<\/div>\n\t\t<\/section>\n\t\t\t\t<section class=\"elementor-section elementor-top-section elementor-element elementor-element-cdda65e elementor-section-boxed elementor-section-height-default elementor-section-height-default\" data-id=\"cdda65e\" data-element_type=\"section\">\n\t\t\t\t\t\t<div class=\"elementor-container elementor-column-gap-default\">\n\t\t\t\t\t<div class=\"elementor-column elementor-col-100 elementor-top-column elementor-element elementor-element-fd4b828\" data-id=\"fd4b828\" data-element_type=\"column\">\n\t\t\t<div class=\"elementor-widget-wrap elementor-element-populated\">\n\t\t\t\t\t\t<div class=\"elementor-element elementor-element-d8f3229 elementor-widget elementor-widget-text-editor\" data-id=\"d8f3229\" data-element_type=\"widget\" data-widget_type=\"text-editor.default\">\n\t\t\t\t<div class=\"elementor-widget-container\">\n\t\t\t\t\t\t\t\t\t<h5>IMR Hamburg GmbH<\/h5>\t\t\t\t\t\t\t\t<\/div>\n\t\t\t\t<\/div>\n\t\t\t\t\t<\/div>\n\t\t<\/div>\n\t\t\t\t\t<\/div>\n\t\t<\/section>\n\t\t\t\t<section class=\"elementor-section elementor-top-section elementor-element elementor-element-b846d81 elementor-section-boxed elementor-section-height-default elementor-section-height-default\" data-id=\"b846d81\" data-element_type=\"section\">\n\t\t\t\t\t\t<div class=\"elementor-container elementor-column-gap-default\">\n\t\t\t\t\t<div class=\"elementor-column elementor-col-100 elementor-top-column elementor-element elementor-element-7000662\" data-id=\"7000662\" data-element_type=\"column\">\n\t\t\t<div class=\"elementor-widget-wrap elementor-element-populated\">\n\t\t\t\t\t\t<div class=\"elementor-element elementor-element-562b746 elementor-widget elementor-widget-text-editor\" data-id=\"562b746\" data-element_type=\"widget\" data-widget_type=\"text-editor.default\">\n\t\t\t\t<div class=\"elementor-widget-container\">\n\t\t\t\t\t\t\t\t\t<p data-start=\"96\" data-end=\"300\"><strong data-start=\"96\" data-end=\"300\">Die IMR Hamburg GmbH ist ein Tochterunternehmen der IMR Holding. Das Unternehmen ist zertifiziert nach ISO 9001, ISO 45001 sowie SCC und steht f\u00fcr h\u00f6chste Qualit\u00e4ts-, Sicherheits- und Umweltstandards.<\/strong><\/p>\t\t\t\t\t\t\t\t<\/div>\n\t\t\t\t<\/div>\n\t\t\t\t\t<\/div>\n\t\t<\/div>\n\t\t\t\t\t<\/div>\n\t\t<\/section>\n\t\t\t\t<section class=\"elementor-section elementor-top-section elementor-element elementor-element-26db476 elementor-section-boxed elementor-section-height-default elementor-section-height-default\" data-id=\"26db476\" data-element_type=\"section\">\n\t\t\t\t\t\t<div class=\"elementor-container elementor-column-gap-default\">\n\t\t\t\t\t<div class=\"elementor-column elementor-col-100 elementor-top-column elementor-element elementor-element-0c66630\" data-id=\"0c66630\" data-element_type=\"column\">\n\t\t\t<div class=\"elementor-widget-wrap elementor-element-populated\">\n\t\t\t\t\t\t<div class=\"elementor-element elementor-element-3a3c38a elementor-widget elementor-widget-text-editor\" data-id=\"3a3c38a\" data-element_type=\"widget\" data-widget_type=\"text-editor.default\">\n\t\t\t\t<div class=\"elementor-widget-container\">\n\t\t\t\t\t\t\t\t\t<p><strong>Anschrift<\/strong><\/p><p>Bullenkoppel 16<\/p><p>D-22047 Hamburg<\/p><p>Tel.: +49 40 69 65 7560<\/p><p>kontakt@imr-hamburg.com<\/p><p><strong>CEO<\/strong><\/p><p>Dragan Carapina<\/p><p><strong>Sitz<\/strong><\/p><p>Hamburg &#8211; Registergericht HRB 171555<\/p><p><strong>USt-IdNr<\/strong><\/p><p>DE 347 741 7345<\/p><p><strong>Web-Redaktion<\/strong><\/p><p>Jasmina Arsic<\/p><p>kontakt@imr-hamburg.com<\/p><h6><strong>Rechtlicher Hinweis<\/strong><\/h6><p><em>F\u00fcr den Inhalt verlinkter Seiten \u00fcbernehmen wir keine Verantwortung.<\/em><br \/><em>Webseiten k\u00f6nnen von Externen manipuliert werden. Obwohl wir Sicherheitsma\u00dfnahmen dagegen treffen und die Seiten regelm\u00e4\u00dfig auf Korrektheit \u00fcberpr\u00fcfen, k\u00f6nnen wir auch keine Garantien f\u00fcr den korrekten Inhalt unserer Seiten \u00fcbernehmen. Alle Aussagen dienen lediglich der Information und sind absolut unverbindlich.<\/em><\/p>\t\t\t\t\t\t\t\t<\/div>\n\t\t\t\t<\/div>\n\t\t\t\t\t<\/div>\n\t\t<\/div>\n\t\t\t\t\t<\/div>\n\t\t<\/section>\n\t\t\t\t<\/div>\n\t\t","protected":false},"excerpt":{"rendered":"<p>IMR Hamburg GmbH Die IMR Hamburg GmbH ist ein Tochterunternehmen der IMR Holding. Das Unternehmen ist zertifiziert nach ISO 9001, ISO 45001 sowie SCC und steht f\u00fcr h\u00f6chste Qualit\u00e4ts-, Sicherheits- und Umweltstandards. Anschrift Bullenkoppel 16 D-22047 Hamburg Tel.: +49 40 69 65 7560 kontakt@imr-hamburg.com CEO Dragan Carapina Sitz Hamburg &#8211; Registergericht HRB 171555 USt-IdNr DE [&hellip;]<\/p>\n","protected":false},"author":2,"featured_media":0,"parent":0,"menu_order":0,"comment_status":"closed","ping_status":"closed","template":"","meta":{"footnotes":""},"class_list":["post-5606","page","type-page","status-publish","hentry"],"_links":{"self":[{"href":"https:\/\/imr-anlagenbau.com\/de\/wp-json\/wp\/v2\/pages\/5606","targetHints":{"allow":["GET"]}}],"collection":[{"href":"https:\/\/imr-anlagenbau.com\/de\/wp-json\/wp\/v2\/pages"}],"about":[{"href":"https:\/\/imr-anlagenbau.com\/de\/wp-json\/wp\/v2\/types\/page"}],"author":[{"embeddable":true,"href":"https:\/\/imr-anlagenbau.com\/de\/wp-json\/wp\/v2\/users\/2"}],"replies":[{"embeddable":true,"href":"https:\/\/imr-anlagenbau.com\/de\/wp-json\/wp\/v2\/comments?post=5606"}],"version-history":[{"count":0,"href":"https:\/\/imr-anlagenbau.com\/de\/wp-json\/wp\/v2\/pages\/5606\/revisions"}],"wp:attachment":[{"href":"https:\/\/imr-anlagenbau.com\/de\/wp-json\/wp\/v2\/media?parent=5606"}],"curies":[{"name":"wp","href":"https:\/\/api.w.org\/{rel}","templated":true}]}}